{"id":81,"date":"2020-01-13T13:22:56","date_gmt":"2020-01-13T13:22:56","guid":{"rendered":"https:\/\/www.zeig-dich-tour.de\/?page_id=81"},"modified":"2024-07-08T08:26:54","modified_gmt":"2024-07-08T08:26:54","slug":"historie","status":"publish","type":"page","link":"https:\/\/www.zeig-dich-tour.de\/?page_id=81","title":{"rendered":"\u00dcber die Zeig DICH!-Tour"},"content":{"rendered":"\n<h2 class=\"wp-block-heading\">Seit 2013 &#8230;<\/h2>\n\n\n\n<p>&#8230; rollt die Zeig DICH!-Tour durchs Coburger Land und bringt Jugendliche und die regionale Wirtschaft auf pers\u00f6nliche und individuelle Weise zusammen. Begr\u00fcndet wurde das Projekt durch eine Zusammenarbeit des Projekts &#8222;Mehr-Aus-Bildung&#8220; des Landratsamtes Coburg, den Wirtschaftsjunioren zu Coburg e.V. und den Junioren des Handwerks Oberfranken-West e.V. Aktuell wird die Zeig DICH!-Tour gemeinsam von der IHK zu Coburg mit ihrem Kompetenzzentrum 4.0 Maschinen- Anlagenbau und Automotive sowie den Wirtschaftsjunioren zu Coburg durchgef\u00fchrt.<\/p>\n\n\n\n<p>Im ersten Jahr wurde das Projekt mit dem 3. Platz in der Kategorie &#8222;Bestes Kreisprojekt&#8220; der Wirtschaftsjunioren Bayern geehrt. Die wiederholte Umsetzung verbunden mit den positiven R\u00fcckmeldungen der Teilnehmer best\u00e4tigen den Erfolg.<\/p>\n\n\n\n<blockquote class=\"wp-block-quote is-layout-flow wp-block-quote-is-layout-flow\"><p>R\u00fcdiger Hopf, Ausbildungsleiter, KAESER KOMPRESSOREN Ausbildung GmbH, Coburg: &#8222;Die Zeig DICH!-Tour ist ein Puzzleteil, um die Herausforderungen der Berufswahl zu meistern. Die interessanten Fragen und die positiven R\u00fcckmeldungen der beteiligten Sch\u00fcler best\u00e4tigen dies.&#8220;<\/p><\/blockquote>\n\n\n\n<h2 class=\"wp-block-heading\">Unser Ziel bis heute &#8230;<\/h2>\n\n\n\n<p>Zum Ende der Schulzeit stehen Jugendliche vor einer Vielzahl an M\u00f6glichkeiten was ihre berufliche Zukunft angeht. Dabei den \u00dcberblick zu behalten und die richtige Entscheidung zu treffen ist nicht leicht. <\/p>\n\n\n\n<p>Deshalb \u00f6ffnen wir Sch\u00fclern ab der 8. Klasse aller weiterf\u00fchrenden Schulen T\u00fcr und Tor zu regionalen Unternehmen. Wir informieren auf anschauliche Art und Weise \u00fcber das breite Ausbildungsangebot der Region Coburg. Viele Betriebe unterschiedlichster Branchen und Gr\u00f6\u00dfe stellen sich und ihre Ausbildungsberufe vor. Dadurch entsteht eine Win-Win-Situation: Unternehmen kommen direkt mit potenziellen Auszubildenden in Kontakt, w\u00e4hrend Sch\u00fcler in Kleingruppen attraktive Arbeitgeber kennenlernen.<\/p>\n\n\n\n<p class=\"has-small-font-size\"><em>Aus Gr\u00fcnden der besseren Lesbarkeit wird die m\u00e4nnliche Personenbezeichnung benutzt. Selbstverst\u00e4ndlich beziehen sich alle Ausf\u00fchrungen gleicherma\u00dfen auf alle Geschlechter.<\/em>  <\/p>\n","protected":false},"excerpt":{"rendered":"<p>Seit 2013 &#8230; &#8230; rollt die Zeig DICH!-Tour durchs Coburger Land und bringt Jugendliche und die regionale Wirtschaft auf pers\u00f6nliche und individuelle Weise zusammen. Begr\u00fcndet wurde das Projekt durch eine Zusammenarbeit des Projekts &#8222;Mehr-Aus-Bildung&#8220; des Landratsamtes Coburg, den Wirtschaftsjunioren zu Coburg e.V. und den Junioren des Handwerks Oberfranken-West e.V. Aktuell wird die Zeig DICH!-Tour gemeinsam [&hellip;]<\/p>\n","protected":false},"author":1,"featured_media":0,"parent":0,"menu_order":0,"comment_status":"closed","ping_status":"closed","template":"","meta":{"footnotes":""},"class_list":["post-81","page","type-page","status-publish","hentry"],"_links":{"self":[{"href":"https:\/\/www.zeig-dich-tour.de\/index.php?rest_route=\/wp\/v2\/pages\/81","targetHints":{"allow":["GET"]}}],"collection":[{"href":"https:\/\/www.zeig-dich-tour.de\/index.php?rest_route=\/wp\/v2\/pages"}],"about":[{"href":"https:\/\/www.zeig-dich-tour.de\/index.php?rest_route=\/wp\/v2\/types\/page"}],"author":[{"embeddable":true,"href":"https:\/\/www.zeig-dich-tour.de\/index.php?rest_route=\/wp\/v2\/users\/1"}],"replies":[{"embeddable":true,"href":"https:\/\/www.zeig-dich-tour.de\/index.php?rest_route=%2Fwp%2Fv2%2Fcomments&post=81"}],"version-history":[{"count":4,"href":"https:\/\/www.zeig-dich-tour.de\/index.php?rest_route=\/wp\/v2\/pages\/81\/revisions"}],"predecessor-version":[{"id":208,"href":"https:\/\/www.zeig-dich-tour.de\/index.php?rest_route=\/wp\/v2\/pages\/81\/revisions\/208"}],"wp:attachment":[{"href":"https:\/\/www.zeig-dich-tour.de\/index.php?rest_route=%2Fwp%2Fv2%2Fmedia&parent=81"}],"curies":[{"name":"wp","href":"https:\/\/api.w.org\/{rel}","templated":true}]}}