{"id":47,"date":"2020-01-13T12:04:20","date_gmt":"2020-01-13T12:04:20","guid":{"rendered":"https:\/\/www.zeig-dich-tour.de\/?page_id=47"},"modified":"2025-07-09T06:32:07","modified_gmt":"2025-07-09T06:32:07","slug":"die-zeig-dich-tour-fuer-schueler","status":"publish","type":"page","link":"https:\/\/www.zeig-dich-tour.de\/?page_id=47","title":{"rendered":"Zeig DICH!-Tour f\u00fcr Sch\u00fcler"},"content":{"rendered":"\n<figure class=\"wp-block-image size-large\"><img loading=\"lazy\" decoding=\"async\" width=\"1024\" height=\"768\" src=\"https:\/\/www.zeig-dich-tour.de\/wp-content\/uploads\/2024\/07\/9d896b73-7758-477b-8b64-0863d4236746-1024x768.jpg\" alt=\"\" class=\"wp-image-214\" srcset=\"https:\/\/www.zeig-dich-tour.de\/wp-content\/uploads\/2024\/07\/9d896b73-7758-477b-8b64-0863d4236746-1024x768.jpg 1024w, https:\/\/www.zeig-dich-tour.de\/wp-content\/uploads\/2024\/07\/9d896b73-7758-477b-8b64-0863d4236746-300x225.jpg 300w, https:\/\/www.zeig-dich-tour.de\/wp-content\/uploads\/2024\/07\/9d896b73-7758-477b-8b64-0863d4236746-768x576.jpg 768w, https:\/\/www.zeig-dich-tour.de\/wp-content\/uploads\/2024\/07\/9d896b73-7758-477b-8b64-0863d4236746-1536x1152.jpg 1536w, https:\/\/www.zeig-dich-tour.de\/wp-content\/uploads\/2024\/07\/9d896b73-7758-477b-8b64-0863d4236746.jpg 2048w\" sizes=\"auto, (max-width: 1024px) 100vw, 1024px\" \/><\/figure>\n\n\n\n<h2 class=\"wp-block-heading\">Du fragst Dich &#8230;<\/h2>\n\n\n\n<ul class=\"wp-block-list\">\n<li>Wie verschaffe ich mir einen \u00dcberblick bei den vielen M\u00f6glichkeiten, die ich nach der Schule habe?<\/li>\n\n\n\n<li>Welchen Beruf kann und m\u00f6chte ich erlernen?<\/li>\n\n\n\n<li>Wo gibt es Ausbildungs-\/ und Praktikumspl\u00e4tze in der Region?<\/li>\n\n\n\n<li>Was sollte ich f\u00fcr meinen Traumberuf k\u00f6nnen?<\/li>\n\n\n\n<li>Ausbildung oder Studium, wie soll ich mich entscheiden?<\/li>\n<\/ul>\n\n\n\n<p><\/p>\n\n\n\n<h2 class=\"wp-block-heading\">Mit uns bekommst Du Antworten &#8230;<\/h2>\n\n\n\n<p>An zwei Nachmittagen zeigen wir Dir verschiedene Ausbildungsberufe in der Region Coburg! Wir besuchen mit Dir vier Unternehmen und l\u00f6chern Azubis, Mitarbeiter und Verantwortliche mit Fragen.<\/p>\n\n\n\n<blockquote class=\"wp-block-quote is-layout-flow wp-block-quote-is-layout-flow\">\n<p>Leon, 8. Klasse, Realschule freut sich \u00fcber: &#8222;Besondere Einblicke in die jeweiligen Firmen und gute Informationen \u00fcber die verschiedenen Berufe.&#8220;<\/p>\n<\/blockquote>\n\n\n\n<p>Tourdaten: 17.11. &#8211; 20.11. und 24.11. &#8211; 26.11.2025<\/p>\n\n\n\n<p>Sichere Dir jetzt Deinen Platz im Bus!<\/p>\n\n\n\n<div data-wp-interactive=\"core\/file\" class=\"wp-block-file\"><object data-wp-bind--hidden=\"!state.hasPdfPreview\" hidden class=\"wp-block-file__embed\" data=\"https:\/\/www.zeig-dich-tour.de\/wp-content\/uploads\/2025\/07\/Zeig-DICH-Tour-2025_Anmeldung-2.pdf\" type=\"application\/pdf\" style=\"width:100%;height:600px\" aria-label=\"Einbettung von Zeig DICH!-Tour 2025_Anmeldung.\"><\/object><a id=\"wp-block-file--media-51800634-cd6e-4891-a61f-05e6096783fb\" href=\"https:\/\/www.zeig-dich-tour.de\/wp-content\/uploads\/2025\/07\/Zeig-DICH-Tour-2025_Anmeldung-2.pdf\">Zeig DICH!-Tour 2025_Anmeldung<\/a><a href=\"https:\/\/www.zeig-dich-tour.de\/wp-content\/uploads\/2025\/07\/Zeig-DICH-Tour-2025_Anmeldung-2.pdf\" class=\"wp-block-file__button wp-element-button\" download aria-describedby=\"wp-block-file--media-51800634-cd6e-4891-a61f-05e6096783fb\">Herunterladen<\/a><\/div>\n\n\n<h1 class=\"wp-block-site-title\"><a href=\"https:\/\/www.zeig-dich-tour.de\" target=\"_self\" rel=\"home\">Zeig DICH!-Tour 2025<\/a><\/h1>\n\n\n<h2 class=\"wp-block-heading\">Was brauchen wir von Dir?<\/h2>\n\n\n\n<p class=\"has-medium-font-size\"><strong>Wer bist Du?<\/strong><\/p>\n\n\n\n<p>Wir ben\u00f6tigen Deine pers\u00f6nlichen Daten, um Dich rechtzeitig \u00fcber alles zu informieren (Tour-Tage, Treffpunkt, usw.) und Dir am Ende Deine Teilnahme zu bescheinigen.<\/p>\n\n\n\n<p class=\"has-medium-font-size\"><strong>Wof\u00fcr interessierst Du Dich?<\/strong><\/p>\n\n\n\n<p>Lass&#8216; uns wissen, in welchen Bereich Du gehen m\u00f6chtest &#8211; gewerblich\/technisch (f\u00fcr T\u00fcftler und Bastler) oder kaufm\u00e4nnisch (f\u00fcr Organisations-\/ und Kommunikationstalente) &#8211; und wir stellen f\u00fcr Dich eine Tour mit spannenden Unternehmen zusammen.<\/p>\n\n\n\n<h2 class=\"wp-block-heading\">Branchen\u00fcbersicht:<\/h2>\n\n\n\n<figure class=\"wp-block-table\"><table><tbody><tr><td><strong>Gewerblich \/ technischer Beruf:&nbsp; <\/strong>   <\/td><\/tr><tr><td>Metalltechnik (z. B. Industriemechaniker, Mechatroniker, Konstruktionsmechaniker, Maschinen- und Anlagenf\u00fchrer, Werkzeugmechaniker, Zerspanungsmechaniker)   <\/td><\/tr><tr><td>Elektrotechnik (z. B. Elektroniker, Industrieelektriker)   <\/td><\/tr><tr><td>Bau (z. B. Bauzeichner, Bauger\u00e4tef\u00fchrer, Betonfertigteilbauer, Tiefbaufacharbeiter)<\/td><\/tr><tr><td>Holz (z. B. Holzmechaniker, Spielzeughersteller)<\/td><\/tr><tr><td>Papier, Druck (z. B. Mediengestalter, Medientechnologe, Packmitteltechnologe)<\/td><\/tr><tr><td>Textilgewerbe (z. B. Polsterer, Polster- und Dekorationsn\u00e4her)<\/td><\/tr><tr><td>Sonstige (z. B. Biologiemodellmacher, Glasbl\u00e4ser, Produktionstechnologe, Technischer Produktdesigner, Kunststoff- und Kautschuktechnologe)<\/td><\/tr><\/tbody><\/table><\/figure>\n\n\n\n<figure class=\"wp-block-table\"><table><tbody><tr><td><strong>Kaufm\u00e4nnischer Beruf:<\/strong><\/td><\/tr><tr><td>Handel (z. B. Kaufmann f\u00fcr Gro\u00df- und Au\u00dfenhandelsmanagement, Kaufmann im E-Commerce, Kaufmann im Einzelhandel, Verk\u00e4ufer)   <\/td><\/tr><tr><td>Bank und Versicherungen ( z. B. Bankkaufmann, Kaufmann f\u00fcr Versicherungen und Finanzanlagen)<\/td><\/tr><tr><td>Hotel- und Gastst\u00e4ttengewerbe (z. B. Hotelkaufmann, Kaufmann f\u00fcr Restaurants- und Veranstaltungsgastronomie, Koch, Fachkraft f\u00fcr Gastronomie)<\/td><\/tr><tr><td>IT (z. B. Fachinformatiker, IT-System-Elektroniker, Kaufmann f\u00fcr IT-System-Management, Kaufmann f\u00fcr Digitalisierungsmanagement)<\/td><\/tr><tr><td>Verkehrs- und Transportgewerbe (z. B. Berufskraftfahrer, Kaufmann f\u00fcr Spedition und Logistikdienstleistung, Tourismuskaufmann)<\/td><\/tr><tr><td>Lager (z. B. Fachlagerist, Fachkraft f\u00fcr Lagerlogistik)<\/td><\/tr><tr><td>Sonstiges (z. B. Immobilienkaufmann, Automobilkaufmann, Drogist, Tierpfleger, Florist, Industriekaufmann, Kaufmann f\u00fcr B\u00fcromanagement)<\/td><\/tr><\/tbody><\/table><\/figure>\n\n\n\n<p class=\"has-medium-font-size\"><strong>Einverst\u00e4ndniserkl\u00e4rung\/Teilnahmeverpflichtung\/Datenschutzhinweis<\/strong><\/p>\n\n\n\n<p>Auch das muss sein! Lies Dir diese Bestimmungen der Anmeldung gut durch. Mit Deiner Unterschrift und der Unterschrift Deiner Eltern\/Erziehungsberechtigten stimmst Du den Bestimmungen zu. Anmeldungen ohne Unterschriften k\u00f6nnen wir leider aus rechtlichen Gr\u00fcnden nicht ber\u00fccksichtigen.<\/p>\n\n\n\n<h2 class=\"wp-block-heading\">Punkte mit Deinem Engagement &#8230;<\/h2>\n\n\n\n<p>Am Ende Deiner Tour erh\u00e4ltst Du eine Urkunde. Diese kommt zu Deinen Unterlagen der Berufsorientierung, um bei sp\u00e4teren Bewerbungen mit Deinem Engagement zu punkten. Zeig Dein Interesse! Zeig DICH!<\/p>\n\n\n\n<p class=\"has-small-font-size\"> <em>Aus Gr\u00fcnden der besseren Lesbarkeit wird die m\u00e4nnliche Personenbezeichnung benutzt. Selbstverst\u00e4ndlich beziehen sich alle Ausf\u00fchrungen gleicherma\u00dfen auf alle Geschlechter.<\/em> <\/p>\n","protected":false},"excerpt":{"rendered":"<p>Du fragst Dich &#8230; Mit uns bekommst Du Antworten &#8230; An zwei Nachmittagen zeigen wir Dir verschiedene Ausbildungsberufe in der Region Coburg! Wir besuchen mit Dir vier Unternehmen und l\u00f6chern Azubis, Mitarbeiter und Verantwortliche mit Fragen. Leon, 8. Klasse, Realschule freut sich \u00fcber: &#8222;Besondere Einblicke in die jeweiligen Firmen und gute Informationen \u00fcber die verschiedenen [&hellip;]<\/p>\n","protected":false},"author":1,"featured_media":0,"parent":0,"menu_order":0,"comment_status":"closed","ping_status":"closed","template":"","meta":{"footnotes":""},"class_list":["post-47","page","type-page","status-publish","hentry"],"_links":{"self":[{"href":"https:\/\/www.zeig-dich-tour.de\/index.php?rest_route=\/wp\/v2\/pages\/47","targetHints":{"allow":["GET"]}}],"collection":[{"href":"https:\/\/www.zeig-dich-tour.de\/index.php?rest_route=\/wp\/v2\/pages"}],"about":[{"href":"https:\/\/www.zeig-dich-tour.de\/index.php?rest_route=\/wp\/v2\/types\/page"}],"author":[{"embeddable":true,"href":"https:\/\/www.zeig-dich-tour.de\/index.php?rest_route=\/wp\/v2\/users\/1"}],"replies":[{"embeddable":true,"href":"https:\/\/www.zeig-dich-tour.de\/index.php?rest_route=%2Fwp%2Fv2%2Fcomments&post=47"}],"version-history":[{"count":31,"href":"https:\/\/www.zeig-dich-tour.de\/index.php?rest_route=\/wp\/v2\/pages\/47\/revisions"}],"predecessor-version":[{"id":244,"href":"https:\/\/www.zeig-dich-tour.de\/index.php?rest_route=\/wp\/v2\/pages\/47\/revisions\/244"}],"wp:attachment":[{"href":"https:\/\/www.zeig-dich-tour.de\/index.php?rest_route=%2Fwp%2Fv2%2Fmedia&parent=47"}],"curies":[{"name":"wp","href":"https:\/\/api.w.org\/{rel}","templated":true}]}}